{"id":1075,"date":"2024-02-21T23:20:07","date_gmt":"2024-02-21T22:20:07","guid":{"rendered":"http:\/\/kalim.fr\/?page_id=1075"},"modified":"2025-03-04T23:41:01","modified_gmt":"2025-03-04T22:41:01","slug":"kalim","status":"publish","type":"page","link":"https:\/\/kalim.fr\/index.php\/kalim\/","title":{"rendered":"KALIM details"},"content":{"rendered":"\n<div class=\"wp-block-media-text alignwide\"><figure class=\"wp-block-media-text__media\"><img loading=\"lazy\" decoding=\"async\" width=\"1024\" height=\"785\" src=\"https:\/\/kalim.fr\/wp-content\/uploads\/2024\/02\/06D81F03-0A35-4F1C-BDD1-EA1F4E98339F-1024x785.jpeg\" alt=\"\" class=\"wp-image-1046 size-full\" srcset=\"https:\/\/kalim.fr\/wp-content\/uploads\/2024\/02\/06D81F03-0A35-4F1C-BDD1-EA1F4E98339F-1024x785.jpeg 1024w, https:\/\/kalim.fr\/wp-content\/uploads\/2024\/02\/06D81F03-0A35-4F1C-BDD1-EA1F4E98339F-300x230.jpeg 300w, https:\/\/kalim.fr\/wp-content\/uploads\/2024\/02\/06D81F03-0A35-4F1C-BDD1-EA1F4E98339F-768x589.jpeg 768w, https:\/\/kalim.fr\/wp-content\/uploads\/2024\/02\/06D81F03-0A35-4F1C-BDD1-EA1F4E98339F.jpeg 1280w\" sizes=\"(max-width: 1024px) 100vw, 1024px\" \/><\/figure><div class=\"wp-block-media-text__content\">\n<p style=\"text-align:center\" class=\"has-text-color has-large-font-size has-red-color\"><p class=\"has-text-align-center has-red-color has-text-color has-large-font-size\">catamaran de croisi\u00e8re rapide<\/p><\/p>\n<\/div><\/div>\n\n\n\n<p>Longueur: 14,95m  : 49&prime;<\/p>\n\n\n\n<p>Largeur: 7,52m :  25\u2032<\/p>\n\n\n\n<p>Deplacement en charge: 8000kg : 17,700 lb<\/p>\n\n\n\n<p>surface de voile: 2 X 50m\u00b2 : 2 X 555 sq ft<\/p>\n\n\n\n<p>moteur: 2 X 40 ch saildrive <\/p>\n\n\n\n<p>ann\u00e9e de construction, year: 2019 <\/p>\n\n\n\n<p>architecte, construction, builder: Marc Ginisty <\/p>\n\n\n\n<figure class=\"wp-block-gallery has-nested-images columns-default is-cropped columns-3 wp-block-gallery-1 is-layout-flex wp-block-gallery-is-layout-flex\">\n<figure class=\"wp-block-image size-large\"><img loading=\"lazy\" decoding=\"async\" width=\"2000\" height=\"1500\" data-id=\"1024\" src=\"https:\/\/kalim.fr\/wp-content\/uploads\/2024\/02\/43-1.jpg\" alt=\"\" class=\"wp-image-1024\" srcset=\"https:\/\/kalim.fr\/wp-content\/uploads\/2024\/02\/43-1.jpg 2000w, https:\/\/kalim.fr\/wp-content\/uploads\/2024\/02\/43-1-300x225.jpg 300w\" sizes=\"(max-width: 2000px) 100vw, 2000px\" \/><\/figure>\n\n\n\n<figure class=\"wp-block-image size-large\"><img loading=\"lazy\" decoding=\"async\" width=\"1024\" height=\"768\" data-id=\"1012\" src=\"https:\/\/kalim.fr\/wp-content\/uploads\/2024\/02\/41-1-1024x768.jpg\" alt=\"\" class=\"wp-image-1012\" srcset=\"https:\/\/kalim.fr\/wp-content\/uploads\/2024\/02\/41-1-1024x768.jpg 1024w, https:\/\/kalim.fr\/wp-content\/uploads\/2024\/02\/41-1-300x225.jpg 300w, https:\/\/kalim.fr\/wp-content\/uploads\/2024\/02\/41-1-768x576.jpg 768w, https:\/\/kalim.fr\/wp-content\/uploads\/2024\/02\/41-1.jpg 2000w\" sizes=\"(max-width: 1024px) 100vw, 1024px\" \/><\/figure>\n\n\n\n<figure class=\"wp-block-image size-large\"><img loading=\"lazy\" decoding=\"async\" width=\"1024\" height=\"768\" data-id=\"1010\" src=\"https:\/\/kalim.fr\/wp-content\/uploads\/2024\/02\/18-1-1024x768.jpg\" alt=\"\" class=\"wp-image-1010\" srcset=\"https:\/\/kalim.fr\/wp-content\/uploads\/2024\/02\/18-1-1024x768.jpg 1024w, https:\/\/kalim.fr\/wp-content\/uploads\/2024\/02\/18-1-300x225.jpg 300w, https:\/\/kalim.fr\/wp-content\/uploads\/2024\/02\/18-1-768x576.jpg 768w, https:\/\/kalim.fr\/wp-content\/uploads\/2024\/02\/18-1.jpg 2000w\" sizes=\"(max-width: 1024px) 100vw, 1024px\" \/><\/figure>\n\n\n\n<figure class=\"wp-block-image size-large\"><img loading=\"lazy\" decoding=\"async\" width=\"1024\" height=\"768\" data-id=\"1014\" src=\"https:\/\/kalim.fr\/wp-content\/uploads\/2024\/02\/img_0267-1-1024x768.jpg\" alt=\"\" class=\"wp-image-1014\" srcset=\"https:\/\/kalim.fr\/wp-content\/uploads\/2024\/02\/img_0267-1-1024x768.jpg 1024w, https:\/\/kalim.fr\/wp-content\/uploads\/2024\/02\/img_0267-1-300x225.jpg 300w, https:\/\/kalim.fr\/wp-content\/uploads\/2024\/02\/img_0267-1-768x576.jpg 768w, https:\/\/kalim.fr\/wp-content\/uploads\/2024\/02\/img_0267-1.jpg 2000w\" sizes=\"(max-width: 1024px) 100vw, 1024px\" \/><\/figure>\n\n\n\n<figure class=\"wp-block-image size-large\"><img loading=\"lazy\" decoding=\"async\" width=\"768\" height=\"1024\" data-id=\"1016\" src=\"https:\/\/kalim.fr\/wp-content\/uploads\/2024\/02\/img_0277-2-1-768x1024.jpg\" alt=\"\" class=\"wp-image-1016\" srcset=\"https:\/\/kalim.fr\/wp-content\/uploads\/2024\/02\/img_0277-2-1-768x1024.jpg 768w, https:\/\/kalim.fr\/wp-content\/uploads\/2024\/02\/img_0277-2-1-225x300.jpg 225w, https:\/\/kalim.fr\/wp-content\/uploads\/2024\/02\/img_0277-2-1.jpg 1500w\" sizes=\"(max-width: 768px) 100vw, 768px\" \/><\/figure>\n\n\n\n<figure class=\"wp-block-image size-large\"><img loading=\"lazy\" decoding=\"async\" width=\"1024\" height=\"768\" data-id=\"1017\" src=\"https:\/\/kalim.fr\/wp-content\/uploads\/2024\/02\/img_0290-2-1-1024x768.jpg\" alt=\"\" class=\"wp-image-1017\" srcset=\"https:\/\/kalim.fr\/wp-content\/uploads\/2024\/02\/img_0290-2-1-1024x768.jpg 1024w, https:\/\/kalim.fr\/wp-content\/uploads\/2024\/02\/img_0290-2-1-300x225.jpg 300w, https:\/\/kalim.fr\/wp-content\/uploads\/2024\/02\/img_0290-2-1-768x576.jpg 768w, https:\/\/kalim.fr\/wp-content\/uploads\/2024\/02\/img_0290-2-1.jpg 2000w\" sizes=\"(max-width: 1024px) 100vw, 1024px\" \/><\/figure>\n\n\n\n<figure class=\"wp-block-image size-large\"><img loading=\"lazy\" decoding=\"async\" width=\"2000\" height=\"1500\" data-id=\"1026\" src=\"https:\/\/kalim.fr\/wp-content\/uploads\/2024\/02\/img_0107-1.jpg\" alt=\"\" class=\"wp-image-1026\" srcset=\"https:\/\/kalim.fr\/wp-content\/uploads\/2024\/02\/img_0107-1.jpg 2000w, https:\/\/kalim.fr\/wp-content\/uploads\/2024\/02\/img_0107-1-300x225.jpg 300w\" sizes=\"(max-width: 2000px) 100vw, 2000px\" \/><\/figure>\n\n\n\n<figure class=\"wp-block-image size-large\"><img loading=\"lazy\" decoding=\"async\" width=\"1024\" height=\"768\" data-id=\"1019\" src=\"https:\/\/kalim.fr\/wp-content\/uploads\/2024\/02\/img_0180-1-1024x768.jpg\" alt=\"\" class=\"wp-image-1019\" srcset=\"https:\/\/kalim.fr\/wp-content\/uploads\/2024\/02\/img_0180-1-1024x768.jpg 1024w, https:\/\/kalim.fr\/wp-content\/uploads\/2024\/02\/img_0180-1-300x225.jpg 300w, https:\/\/kalim.fr\/wp-content\/uploads\/2024\/02\/img_0180-1-768x576.jpg 768w, https:\/\/kalim.fr\/wp-content\/uploads\/2024\/02\/img_0180-1.jpg 2000w\" sizes=\"(max-width: 1024px) 100vw, 1024px\" \/><\/figure>\n\n\n\n<figure class=\"wp-block-image size-large\"><img loading=\"lazy\" decoding=\"async\" width=\"1024\" height=\"768\" data-id=\"1023\" src=\"https:\/\/kalim.fr\/wp-content\/uploads\/2024\/02\/img_0213-1-1024x768.jpg\" alt=\"\" class=\"wp-image-1023\" srcset=\"https:\/\/kalim.fr\/wp-content\/uploads\/2024\/02\/img_0213-1-1024x768.jpg 1024w, https:\/\/kalim.fr\/wp-content\/uploads\/2024\/02\/img_0213-1-300x225.jpg 300w, https:\/\/kalim.fr\/wp-content\/uploads\/2024\/02\/img_0213-1-768x576.jpg 768w, https:\/\/kalim.fr\/wp-content\/uploads\/2024\/02\/img_0213-1.jpg 2000w\" sizes=\"(max-width: 1024px) 100vw, 1024px\" \/><\/figure>\n<\/figure>\n\n\n\n<p>\ud83c\uddeb\ud83c\uddf7 Kalim est un catamaran de croisi\u00e8re rapide et facile. Les m\u00e2ts non hauban\u00e9s en carbone permettent de s&rsquo;affranchir de la \u00ab\u00a0dictature\u00a0\u00bb du gr\u00e9ement marconi.<\/p>\n\n\n\n<p>Les deux m\u00e2ts simplement emplant\u00e9s dans chaque coque portent des ailes arisables de type \u00ab\u00a0Matin bleu\u00a0\u00bb con\u00e7ues par Guy Beaup. De 20 \u00e0 30% plus efficaces qu&rsquo;une voile classique, ces ailes fonctionnent avec un accastillage tr\u00e8s simple ( deux winches sur le Kalim).<\/p>\n\n\n\n<p>L&rsquo;abaissement du centre de gravit\u00e9 du gr\u00e9ement et du centre de voilure rend le catamaran tr\u00e8s stable et s\u00e9curisant. L&rsquo;efficacit\u00e9 et la finesse des ailes permettent un cap au pr\u00e8s serr\u00e9 et des virement de bords rapides et sans aucun effort.<\/p>\n\n\n\n<p>R\u00e9sine \u00e9poxy et fibres de verre bi et triaxial trait\u00e9es par infusion ont permis de construire une plateforme rigide et l\u00e9g\u00e8re. Les am\u00e9nagements volontairement gard\u00e9s sous contr\u00f4le ( avec \u00ab\u00a0seulement\u00a0\u00bb deux grandes cabines doubles et un cabinet de toilette) participent \u00e0 la structure et \u00e0 la l\u00e9g\u00e8ret\u00e9. Les circuits d&rsquo;eau et d&rsquo;\u00e9lectricit\u00e9 sont eux aussi rest\u00e9s simples, limitant l&rsquo;entretien au strict minimum.<\/p>\n\n\n\n<p>Avec d\u00e9j\u00e0 plus de 30 000 milles parcourus, en passant par la Patagonie, la Polyn\u00e9sie et l&rsquo;Alaska, le Kalim a montr\u00e9 le bien fond\u00e9 de sa conception et une voie d&rsquo;avenir pour la plaisance.<\/p>\n\n\n\n<p class=\"has-red-color has-text-color\">Contact, renseignements: catakalim@gmail.com<\/p>\n\n\n\n<p>\ud83c\uddfa\ud83c\uddf8 <\/p>\n\n\n\n<p>Kalim is a fast and easy cruising catamaran. Free standing carbon fiber masts make it possible to forget the \u00ab\u00a0dictatorship\u00a0\u00bb of marconi rigging.<\/p>\n\n\n\n<p>The two masts simply planted in each hull carry reefable wings of the \u00ab\u00a0Blue Morning\u00a0\u00bb type designed by Guy Beaup. From 20 to 30% more effective than a conventional sail, these wings work with a very simple hardware (two winches on the Kalim).<\/p>\n\n\n\n<p>The lowering of the center of gravity of the rigging and of the center of effort makes the catamaran very stable and safe. The efficiency and low drag of the wings allows a very good upwind angle and effortless tacks.<\/p>\n\n\n\n<p>Epoxy resin, bi- and triaxial glass fibers treated by infusion have made it possible to build a rigid and light platform. The accommodation voluntarily kept under control (with \u00ab\u00a0only\u00a0\u00bb two large double cabins and a bathroom) contribute to the structure and lightness. The water and electricity circuits have also remained simple, limiting maintenance to the strict minimum.<\/p>\n\n\n\n<p>With already more than 30,000 miles traveled, via Patagonia, Polynesia and Alaska, the Kalim has shown the merits of its design and a path of the future for sailing multihulls<\/p>\n\n\n\n<p>Contact: catakalim@gmail.com<\/p>\n\n\n\n<figure class=\"wp-block-image size-large\"><img loading=\"lazy\" decoding=\"async\" width=\"768\" height=\"1024\" src=\"https:\/\/kalim.fr\/wp-content\/uploads\/2024\/06\/IMG_5167-768x1024.jpeg\" alt=\"\" class=\"wp-image-1166\" srcset=\"https:\/\/kalim.fr\/wp-content\/uploads\/2024\/06\/IMG_5167-768x1024.jpeg 768w, https:\/\/kalim.fr\/wp-content\/uploads\/2024\/06\/IMG_5167-225x300.jpeg 225w, https:\/\/kalim.fr\/wp-content\/uploads\/2024\/06\/IMG_5167-1152x1536.jpeg 1152w, https:\/\/kalim.fr\/wp-content\/uploads\/2024\/06\/IMG_5167-1536x2048.jpeg 1536w, https:\/\/kalim.fr\/wp-content\/uploads\/2024\/06\/IMG_5167-2040x2720.jpeg 2040w, https:\/\/kalim.fr\/wp-content\/uploads\/2024\/06\/IMG_5167-scaled.jpeg 1920w\" sizes=\"(max-width: 768px) 100vw, 768px\" \/><\/figure>\n\n\n\n<figure class=\"wp-block-video\"><video controls src=\"https:\/\/kalim.fr\/wp-content\/uploads\/2024\/09\/mon-film-2-1.mp4\"><\/video><\/figure>\n\n\n\n<figure class=\"wp-block-embed is-type-video is-provider-youtube wp-block-embed-youtube wp-embed-aspect-16-9 wp-has-aspect-ratio\"><div class=\"wp-block-embed__wrapper\">\n<span class=\"embed-youtube\" style=\"text-align:center; display: block;\"><iframe loading=\"lazy\" class=\"youtube-player\" width=\"640\" height=\"360\" src=\"https:\/\/www.youtube.com\/embed\/LhePS2RgZFM?version=3&#038;rel=1&#038;showsearch=0&#038;showinfo=1&#038;iv_load_policy=1&#038;fs=1&#038;hl=fr-FR&#038;autohide=2&#038;wmode=transparent\" allowfullscreen=\"true\" style=\"border:0;\" sandbox=\"allow-scripts allow-same-origin allow-popups allow-presentation allow-popups-to-escape-sandbox\"><\/iframe><\/span>\n<\/div><\/figure>\n\n\n\n<hr class=\"wp-block-separator has-alpha-channel-opacity\"\/>\n\n\n\n<p><a href=\"https:\/\/youtu.be\/JgBxTOnEMPk?feature=shared\">https:\/\/youtu.be\/JgBxTOnEMPk?feature=shared<\/a><\/p>\n\n\n\n<hr class=\"wp-block-separator has-alpha-channel-opacity\"\/>\n\n\n\n<p><a href=\"https:\/\/youtube.com\/shorts\/QmC6yfda21I?feature=shared\">https:\/\/youtube.com\/shorts\/QmC6yfda21I?feature=shared<\/a><\/p>\n\n\n\n<hr class=\"wp-block-separator has-alpha-channel-opacity\"\/>\n\n\n\n<figure class=\"wp-block-embed is-type-video is-provider-youtube wp-block-embed-youtube wp-embed-aspect-16-9 wp-has-aspect-ratio\"><div class=\"wp-block-embed__wrapper\">\n<span class=\"embed-youtube\" style=\"text-align:center; display: block;\"><iframe loading=\"lazy\" class=\"youtube-player\" width=\"640\" height=\"360\" src=\"https:\/\/www.youtube.com\/embed\/xVo2NaHDr5w?version=3&#038;rel=1&#038;showsearch=0&#038;showinfo=1&#038;iv_load_policy=1&#038;fs=1&#038;hl=fr-FR&#038;autohide=2&#038;wmode=transparent\" allowfullscreen=\"true\" style=\"border:0;\" sandbox=\"allow-scripts allow-same-origin allow-popups allow-presentation allow-popups-to-escape-sandbox\"><\/iframe><\/span>\n<\/div><\/figure>\n","protected":false},"excerpt":{"rendered":"<p>catamaran de croisi\u00e8re rapide Longueur: 14,95m : 49&prime; Largeur: 7,52m : 25\u2032 Deplacement en charge: 8000kg : 17,700 lb surface de voile: 2 X 50m\u00b2 : 2 X 555 sq ft moteur: 2 X 40 ch saildrive ann\u00e9e de construction, year: 2019 architecte, construction, builder: Marc Ginisty \ud83c\uddeb\ud83c\uddf7 Kalim est un catamaran de croisi\u00e8re rapide [&hellip;]<\/p>\n","protected":false},"author":3,"featured_media":459,"parent":0,"menu_order":0,"comment_status":"closed","ping_status":"closed","template":"","meta":{"jetpack_post_was_ever_published":false,"footnotes":""},"jetpack_sharing_enabled":true,"jetpack_shortlink":"https:\/\/wp.me\/P2XgWr-hl","_links":{"self":[{"href":"https:\/\/kalim.fr\/index.php\/wp-json\/wp\/v2\/pages\/1075"}],"collection":[{"href":"https:\/\/kalim.fr\/index.php\/wp-json\/wp\/v2\/pages"}],"about":[{"href":"https:\/\/kalim.fr\/index.php\/wp-json\/wp\/v2\/types\/page"}],"author":[{"embeddable":true,"href":"https:\/\/kalim.fr\/index.php\/wp-json\/wp\/v2\/users\/3"}],"replies":[{"embeddable":true,"href":"https:\/\/kalim.fr\/index.php\/wp-json\/wp\/v2\/comments?post=1075"}],"version-history":[{"count":32,"href":"https:\/\/kalim.fr\/index.php\/wp-json\/wp\/v2\/pages\/1075\/revisions"}],"predecessor-version":[{"id":1391,"href":"https:\/\/kalim.fr\/index.php\/wp-json\/wp\/v2\/pages\/1075\/revisions\/1391"}],"wp:featuredmedia":[{"embeddable":true,"href":"https:\/\/kalim.fr\/index.php\/wp-json\/wp\/v2\/media\/459"}],"wp:attachment":[{"href":"https:\/\/kalim.fr\/index.php\/wp-json\/wp\/v2\/media?parent=1075"}],"curies":[{"name":"wp","href":"https:\/\/api.w.org\/{rel}","templated":true}]}}